{"id":368564,"date":"2023-09-28T22:07:59","date_gmt":"2023-09-28T20:07:59","guid":{"rendered":"https:\/\/clotesskicenter.com\/?page_id=368564"},"modified":"2024-11-28T14:53:39","modified_gmt":"2024-11-28T13:53:39","slug":"termini-di-noleggio","status":"publish","type":"page","link":"https:\/\/clotesskicenter.com\/en\/termini-di-noleggio\/","title":{"rendered":"RULES AND RENTAL CONDITIONS"},"content":{"rendered":"<p>[et_pb_section fb_built=&#8221;1&#8243; disabled_on=&#8221;on|off|off&#8221; admin_label=&#8221;Header&#8221; _builder_version=&#8221;4.22.0&#8243; _module_preset=&#8221;default&#8221; use_background_color_gradient=&#8221;on&#8221; background_color_gradient_stops=&#8221;rgba(10,77,116,0.76) 0%|rgba(0,0,0,0) 100%&#8221; background_color_gradient_overlays_image=&#8221;on&#8221; background_color_gradient_start=&#8221;rgba(0,0,0,0.71)&#8221; background_color_gradient_end=&#8221;rgba(0,0,0,0)&#8221; background_image=&#8221;https:\/\/clotesskicenter.com\/wp-content\/uploads\/2023\/08\/clotes_ski_center_esterno.webp&#8221; custom_margin=&#8221;-130px||||false|false&#8221; custom_margin_tablet=&#8221;0px||||false|false&#8221; custom_margin_phone=&#8221;0px||||false|false&#8221; custom_margin_last_edited=&#8221;on|desktop&#8221; custom_padding=&#8221;8vw||0vw||false|false&#8221; global_colors_info=&#8221;{}&#8221;][et_pb_row _builder_version=&#8221;4.16&#8243; _module_preset=&#8221;default&#8221; global_colors_info=&#8221;{}&#8221;][et_pb_column type=&#8221;4_4&#8243; _builder_version=&#8221;4.16&#8243; _module_preset=&#8221;default&#8221; global_colors_info=&#8221;{}&#8221;][et_pb_text _builder_version=&#8221;4.21.0&#8243; _module_preset=&#8221;b0bf5418-994a-43d1-aef8-7d7c6764119d&#8221; header_font=&#8221;Tajawal|900|||||||&#8221; header_text_color=&#8221;#FFFFFF&#8221; header_font_size=&#8221;100px&#8221; max_width=&#8221;900px&#8221; header_font_size_tablet=&#8221;50px&#8221; header_font_size_phone=&#8221;32px&#8221; header_font_size_last_edited=&#8221;on|phone&#8221; locked=&#8221;off&#8221; global_colors_info=&#8221;{}&#8221;]<\/p>\n<h1>Clotes\u00a0<br \/>Ski Center<\/h1>\n<p>[\/et_pb_text][dsm_typing_effect before_typing_effect=&#8221;Il tuo &#8221; typing_effect=&#8221;Noleggio| Deposito| Centro riparazioni&#8221; after_typing_effect=&#8221;a Sauze d&#8217;Oulx&#8221; typing_cursor_color=&#8221;#0A4D74&#8243; typing_background_color=&#8221;#FCA311&#8243; _builder_version=&#8221;4.21.0&#8243; _module_preset=&#8221;default&#8221; header_text_color=&#8221;#FFFFFF&#8221; global_colors_info=&#8221;{}&#8221;][\/dsm_typing_effect][\/et_pb_column][\/et_pb_row][\/et_pb_section][et_pb_section fb_built=&#8221;1&#8243; admin_label=&#8221;About&#8221; _builder_version=&#8221;4.21.0&#8243; _module_preset=&#8221;default&#8221; background_color=&#8221;#FFFFFF&#8221; background_enable_image=&#8221;off&#8221; background_position=&#8221;top_center&#8221; global_colors_info=&#8221;{}&#8221;][et_pb_row _builder_version=&#8221;4.16&#8243; _module_preset=&#8221;default&#8221; global_colors_info=&#8221;{}&#8221;][et_pb_column type=&#8221;4_4&#8243; _builder_version=&#8221;4.16&#8243; _module_preset=&#8221;default&#8221; global_colors_info=&#8221;{}&#8221;][et_pb_text _builder_version=&#8221;4.22.2&#8243; _module_preset=&#8221;b0bf5418-994a-43d1-aef8-7d7c6764119d&#8221; header_font=&#8221;Lato|900||on|||||&#8221; header_text_color=&#8221;#000000&#8243; header_font_size=&#8221;60px&#8221; text_orientation=&#8221;center&#8221; custom_margin=&#8221;||0px||false|false&#8221; custom_margin_tablet=&#8221;||0px||false|false&#8221; custom_margin_phone=&#8221;||-15px||false|false&#8221; custom_margin_last_edited=&#8221;on|phone&#8221; header_font_size_tablet=&#8221;50px&#8221; header_font_size_phone=&#8221;30px&#8221; header_font_size_last_edited=&#8221;on|phone&#8221; text_orientation_tablet=&#8221;&#8221; text_orientation_phone=&#8221;center&#8221; text_orientation_last_edited=&#8221;on|phone&#8221; locked=&#8221;off&#8221; global_colors_info=&#8221;{}&#8221;]<\/p>\n<h1>Termini di Noleggio<\/h1>\n<p>[\/et_pb_text][\/et_pb_column][\/et_pb_row][et_pb_row _builder_version=&#8221;4.22.0&#8243; _module_preset=&#8221;default&#8221; global_colors_info=&#8221;{}&#8221;][et_pb_column type=&#8221;4_4&#8243; _builder_version=&#8221;4.16&#8243; _module_preset=&#8221;default&#8221; global_colors_info=&#8221;{}&#8221;][et_pb_text _builder_version=&#8221;4.27.4&#8243; _module_preset=&#8221;2e1ca0a8-a515-4ca3-8814-65eea4b82393&#8243; text_font=&#8221;||||||||&#8221; text_text_color=&#8221;#000000&#8243; text_line_height=&#8221;1.8em&#8221; link_font=&#8221;|700|||||||&#8221; link_text_color=&#8221;#FCA311&#8243; hover_enabled=&#8221;0&#8243; text_text_color_tablet=&#8221;#000000&#8243; text_text_color_phone=&#8221;#000000&#8243; text_text_color_last_edited=&#8221;on|desktop&#8221; text_font_size_tablet=&#8221;15px&#8221; text_font_size_phone=&#8221;14px&#8221; text_font_size_last_edited=&#8221;on|desktop&#8221; locked=&#8221;off&#8221; global_colors_info=&#8221;{}&#8221; text_text_color__hover_enabled=&#8221;on|desktop&#8221; text_text_color__hover=&#8221;#000000&#8243; sticky_enabled=&#8221;0&#8243;]<\/p>\n<p>1. Gli attrezzi vengono noleggiati in idonee condizioni d&#8217;uso.<\/p>\n<p>2. il locatario (cliente) \u00e8 consapevole che la regolazione degli attacchi di sci alpino viene fatta dal noleggiatore in conformit\u00e0 ai dati a lui forniti e secondo le norme emanate dal produttore dell&#8217;attacco dato in noleggio.<\/p>\n<p>3. Gli attrezzi noleggiati potranno essere sostituiti, durante il periodo di noleggio e secondo disponibilit\u00e0, con altro materiale di pari valore. La sostituzione con attrezzi di categoria superiore, comporter\u00e0 addebito della differenza di prezzo. Per la sostituzione con materiale di categoria inferiore non \u00e8 previsto alcun rimborso.<\/p>\n<p>4. Gli attrezzi noleggiati devono essere restituiti entro la sera dell&#8217;ultimo giorno di noleggio pattuito, negli orari d&#8217;esercizio esposti al pubblico. In caso di restituzione nel giorno successivo, verr\u00e0 addebitato il sovrapprezzo per un&#8217;intera giornata aggiuntiva.<\/p>\n<p>5. Eventuale risoluzione anticipate del contratto di noleggio mediante restituzione degli attrezzi noleggiati, non da diritto ad alcuna pretesa di rimborso, parziale o totale, da parte del locatario.<br \/>Rimborsi sono possibili esclusivamente per malattia o infotunio, dietro presentazione di un certificato medico.<\/p>\n<p>6. Alla restituzione di fine noleggio, gli attrezzi vengono controllati ed ogni rottura o danno riscontrati sono a carico del locatario (cliente) ai prezzi correnti di mercato. Gli attrezzi possono essere convenzionalmente assicurati contro la rottura o il danneggiamento accidentale, tale assicurazione non \u00e8 valida in caso di furto, dolo, smarrimento o uso improprio.<\/p>\n<p>7. In caso di perdita\/furto degli attrezzi noleggiati, il locatario \u00e8 tenuto al rimborso del relativo valore di mercato dell&#8217;attrezzo. In caso di furto il locatario \u00e8 tenuto a presentare denuncia alle forze dell&#8217;ordine competenti<\/p>\n<p>8. Trascorse 24 ore dalla mancata restituzione a fine noleggio, verr\u00e0 fatta denuncia per furto nei confronti del locatario salvo tempestiva comunicazione di comprovato impedimento alla restituzione.<\/p>\n<p>9. Per tutto quant&#8217;altro qui non richiamato, vale il criterio generale che il locatario assume, per se stesso e per gli utenti minorenni affidati, la totale responsabilit\u00e0 degli attrezzi oggetti di noleggio.<\/p>\n<p>10.Ai sensi della normativa vigente in materia di trattamento dei dati personali (d.lgs 196\/2003 e s.m.i. \u2013 d.lgs 101\/2018 \u2013 GDPR 2016\/679) il locatario autorizza il locatore all\u2019uso dei propri dati personali al fine di poter gestire il servizio richiesto. L\u2019informativa privacy completa \u00e8 consultabile sul sito <span><\/span><a href=\"https:\/\/clotesskicenter.com\/\" data-saferedirecturl=\"https:\/\/www.google.com\/url?q=https:\/\/clotesskicenter.com\/&amp;source=gmail&amp;ust=1732888254033000&amp;usg=AOvVaw0kTsnlJv8LguE_wD55CxSf\">https:\/\/clotesskicenter.com\/<\/a><\/p>\n<p>[\/et_pb_text][\/et_pb_column][\/et_pb_row][\/et_pb_section][et_pb_section fb_built=&#8221;1&#8243; admin_label=&#8221;Call to Action&#8221; _builder_version=&#8221;4.21.0&#8243; _module_preset=&#8221;default&#8221; background_color=&#8221;#FFFFFF&#8221; background_enable_image=&#8221;off&#8221; background_size=&#8221;contain&#8221; background_position=&#8221;bottom_center&#8221; z_index=&#8221;1&#8243; custom_padding=&#8221;34px||34px||true|false&#8221; global_colors_info=&#8221;{}&#8221;][et_pb_row column_structure=&#8221;3_5,2_5&#8243; custom_padding_last_edited=&#8221;on|phone&#8221; _builder_version=&#8221;4.21.2&#8243; _module_preset=&#8221;default&#8221; background_color=&#8221;#EA3A43&#8243; custom_margin=&#8221;||-34px||false|false&#8221; custom_padding=&#8221;40px|40px|40px|40px|true|true&#8221; custom_padding_tablet=&#8221;|30px||30px|true|true&#8221; custom_padding_phone=&#8221;20px|20px|20px|20px|true|true&#8221; global_colors_info=&#8221;{}&#8221;][et_pb_column type=&#8221;3_5&#8243; _builder_version=&#8221;4.16&#8243; _module_preset=&#8221;default&#8221; global_colors_info=&#8221;{}&#8221;][et_pb_text _builder_version=&#8221;4.21.2&#8243; _module_preset=&#8221;c3c1179e-80e4-4396-b700-51b845e1c46f&#8221; header_2_font=&#8221;Tajawal|700||on|||||&#8221; header_2_text_color=&#8221;#FFFFFF&#8221; header_2_font_size=&#8221;50px&#8221; header_2_text_align_tablet=&#8221;&#8221; header_2_text_align_phone=&#8221;center&#8221; header_2_text_align_last_edited=&#8221;on|phone&#8221; header_2_font_size_tablet=&#8221;32px&#8221; header_2_font_size_phone=&#8221;40px&#8221; header_2_font_size_last_edited=&#8221;on|phone&#8221; global_colors_info=&#8221;{%22gcid-87ce0c3f-2a7b-40dd-8a42-4148be75d651%22:%91%93}&#8221;]<\/p>\n<h2>Prenota ora la tua attrezzatura<\/h2>\n<p>[\/et_pb_text][\/et_pb_column][et_pb_column type=&#8221;2_5&#8243; _builder_version=&#8221;4.21.2&#8243; _module_preset=&#8221;default&#8221; custom_padding=&#8221;0px||0px||true|false&#8221; custom_padding_tablet=&#8221;0px||||false|false&#8221; custom_padding_phone=&#8221;&#8221; custom_padding_last_edited=&#8221;on|desktop&#8221; global_colors_info=&#8221;{}&#8221;][et_pb_text _builder_version=&#8221;4.21.2&#8243; _module_preset=&#8221;c3c1179e-80e4-4396-b700-51b845e1c46f&#8221; header_2_font=&#8221;Lato|||on|||||&#8221; header_2_text_align=&#8221;right&#8221; header_2_text_color=&#8221;#FFFFFF&#8221; header_2_font_size=&#8221;30px&#8221; header_2_text_align_tablet=&#8221;right&#8221; header_2_text_align_phone=&#8221;center&#8221; header_2_text_align_last_edited=&#8221;on|phone&#8221; header_2_font_size_tablet=&#8221;32px&#8221; header_2_font_size_phone=&#8221;20px&#8221; header_2_font_size_last_edited=&#8221;on|phone&#8221; global_colors_info=&#8221;{%22gcid-87ce0c3f-2a7b-40dd-8a42-4148be75d651%22:%91%93}&#8221;]<\/p>\n<h2>Hai dei dubbi?<br \/>chiamaci!<\/h2>\n<p>[\/et_pb_text][et_pb_button button_url=&#8221;tel:+390122850966&#8243; url_new_window=&#8221;on&#8221; button_text=&#8221;CHiama Ora&#8221; button_alignment=&#8221;right&#8221; button_alignment_tablet=&#8221;left&#8221; button_alignment_phone=&#8221;center&#8221; button_alignment_last_edited=&#8221;on|phone&#8221; _builder_version=&#8221;4.21.2&#8243; _module_preset=&#8221;224f667b-3d04-4887-a283-1a6f5765318f&#8221; custom_button=&#8221;on&#8221; button_text_size=&#8221;14px&#8221; button_text_color=&#8221;#FFFFFF&#8221; button_bg_color=&#8221;#FCA311&#8243; button_border_width=&#8221;0px&#8221; button_border_radius=&#8221;0px&#8221; button_letter_spacing=&#8221;3px&#8221; button_font=&#8221;Tajawal|700||on|||||&#8221; button_icon=&#8221;&#xe090;||divi||400&#8243; custom_padding=&#8221;15px|30px|15px|30px|true|true&#8221; box_shadow_style=&#8221;preset3&#8243; box_shadow_vertical=&#8221;33px&#8221; box_shadow_blur=&#8221;40px&#8221; box_shadow_spread=&#8221;-10px&#8221; box_shadow_color=&#8221;rgba(0,0,0,0.2)&#8221; global_colors_info=&#8221;{}&#8221;][\/et_pb_button][\/et_pb_column][\/et_pb_row][\/et_pb_section]<\/p>\n","protected":false},"excerpt":{"rendered":"<p>Clotes\u00a0Ski Center<div class=\"et_pb_module dsm_typing_effect dsm_typing_effect_0 et_pb_bg_layout_light \">\n\t\t\t\t\n\t\t\t\t\n\t\t\t\t\n\t\t\t\t\n\t\t\t\t\n\t\t\t\t\n\t\t\t\t<div class=\"et_pb_module_inner\">\n\t\t\t\t\t<h1 class=\"dsm-typing-effect et_pb_module_header\"><span class=\"dsm-before-typing-effect\">Il tuo &nbsp;<\/span><span class=\"dsm-typing-wrapper\"><span class=\"dsm-typing-strings\">Noleggio  Deposito  Centro riparazioni<\/span><span class=\"dsm-typing\" data-dsm-typing-cursor=\"|\" data-dsm-typing-strings=\"Noleggio| Deposito| Centro riparazioni\" data-dsm-typing-speed=100ms data-dsm-typing-backspeed=50ms data-dsm-typing-backdelay=700ms data-dsm-typing-loop=true data-dsm-typing-fadeout=false data-dsm-typing-shuffle=false data-dsm-typing-delay=0ms data-dsm-typing-viewport=80% data-dsm-typing-repeat=on><\/span><\/span><span class=\"dsm-after-typing-effect\">&nbsp;a Sauze d&#039;Oulx<\/span><\/h1>\n\t\t\t\t<\/div>\n\t\t\t<\/div>Termini di Noleggio1. Gli attrezzi vengono noleggiati in idonee condizioni d&#8217;uso. 2. il locatario (cliente) \u00e8 consapevole che la regolazione degli attacchi di sci alpino viene fatta dal noleggiatore in conformit\u00e0 ai dati a lui forniti e secondo [&hellip;]<\/p>\n","protected":false},"author":1,"featured_media":0,"parent":0,"menu_order":0,"comment_status":"closed","ping_status":"closed","template":"","meta":{"_et_pb_use_builder":"on","_et_pb_old_content":"","_et_gb_content_width":"","footnotes":""},"class_list":["post-368564","page","type-page","status-publish","hentry"],"_links":{"self":[{"href":"https:\/\/clotesskicenter.com\/en\/wp-json\/wp\/v2\/pages\/368564","targetHints":{"allow":["GET"]}}],"collection":[{"href":"https:\/\/clotesskicenter.com\/en\/wp-json\/wp\/v2\/pages"}],"about":[{"href":"https:\/\/clotesskicenter.com\/en\/wp-json\/wp\/v2\/types\/page"}],"author":[{"embeddable":true,"href":"https:\/\/clotesskicenter.com\/en\/wp-json\/wp\/v2\/users\/1"}],"replies":[{"embeddable":true,"href":"https:\/\/clotesskicenter.com\/en\/wp-json\/wp\/v2\/comments?post=368564"}],"version-history":[{"count":5,"href":"https:\/\/clotesskicenter.com\/en\/wp-json\/wp\/v2\/pages\/368564\/revisions"}],"predecessor-version":[{"id":369432,"href":"https:\/\/clotesskicenter.com\/en\/wp-json\/wp\/v2\/pages\/368564\/revisions\/369432"}],"wp:attachment":[{"href":"https:\/\/clotesskicenter.com\/en\/wp-json\/wp\/v2\/media?parent=368564"}],"curies":[{"name":"wp","href":"https:\/\/api.w.org\/{rel}","templated":true}]}}